{"id":3326,"date":"2022-07-18T07:14:59","date_gmt":"2022-07-18T10:14:59","guid":{"rendered":"https:\/\/mvf.net.br\/web\/?page_id=3326"},"modified":"2022-07-18T07:21:46","modified_gmt":"2022-07-18T10:21:46","slug":"noticias","status":"publish","type":"page","link":"https:\/\/mvf.net.br\/web\/noticias\/","title":{"rendered":"Not\u00edcias"},"content":{"rendered":"\t\t<div data-elementor-type=\"wp-page\" data-elementor-id=\"3326\" class=\"elementor elementor-3326\" data-elementor-post-type=\"page\">\n\t\t\t\t\t\t<section class=\"elementor-section elementor-top-section elementor-element elementor-element-ea97018 elementor-section-boxed elementor-section-height-default elementor-section-height-default\" data-id=\"ea97018\" data-element_type=\"section\" data-settings=\"{&quot;jet_parallax_layout_list&quot;:[]}\">\n\t\t\t\t\t\t<div class=\"elementor-container elementor-column-gap-default\">\n\t\t\t\t\t<div class=\"elementor-column elementor-col-100 elementor-top-column elementor-element elementor-element-d8ab1e6\" data-id=\"d8ab1e6\" data-element_type=\"column\">\n\t\t\t<div class=\"elementor-widget-wrap elementor-element-populated\">\n\t\t\t\t\t\t<div class=\"elementor-element elementor-element-45ecc87 elementor-widget elementor-widget-heading\" data-id=\"45ecc87\" data-element_type=\"widget\" data-widget_type=\"heading.default\">\n\t\t\t\t<div class=\"elementor-widget-container\">\n\t\t\t\t\t<h2 class=\"elementor-heading-title elementor-size-default\">Not\u00edcias<\/h2>\t\t\t\t<\/div>\n\t\t\t\t<\/div>\n\t\t\t\t\t<\/div>\n\t\t<\/div>\n\t\t\t\t\t<\/div>\n\t\t<\/section>\n\t\t\t\t<section class=\"elementor-section elementor-top-section elementor-element elementor-element-d077407 elementor-section-boxed elementor-section-height-default elementor-section-height-default\" data-id=\"d077407\" data-element_type=\"section\" data-settings=\"{&quot;jet_parallax_layout_list&quot;:[]}\">\n\t\t\t\t\t\t<div class=\"elementor-container elementor-column-gap-default\">\n\t\t\t\t\t<div class=\"elementor-column elementor-col-100 elementor-top-column elementor-element elementor-element-872b3fa\" data-id=\"872b3fa\" data-element_type=\"column\">\n\t\t\t<div class=\"elementor-widget-wrap elementor-element-populated\">\n\t\t\t\t\t\t<div class=\"elementor-element elementor-element-953eb40 elementor-grid-3 elementor-grid-tablet-2 elementor-grid-mobile-1 elementor-posts--thumbnail-top elementor-card-shadow-yes elementor-posts__hover-gradient elementor-widget elementor-widget-posts\" data-id=\"953eb40\" data-element_type=\"widget\" data-settings=\"{&quot;cards_masonry&quot;:&quot;yes&quot;,&quot;cards_columns&quot;:&quot;3&quot;,&quot;cards_columns_tablet&quot;:&quot;2&quot;,&quot;cards_columns_mobile&quot;:&quot;1&quot;,&quot;cards_row_gap&quot;:{&quot;unit&quot;:&quot;px&quot;,&quot;size&quot;:35,&quot;sizes&quot;:[]},&quot;cards_row_gap_tablet&quot;:{&quot;unit&quot;:&quot;px&quot;,&quot;size&quot;:&quot;&quot;,&quot;sizes&quot;:[]},&quot;cards_row_gap_mobile&quot;:{&quot;unit&quot;:&quot;px&quot;,&quot;size&quot;:&quot;&quot;,&quot;sizes&quot;:[]}}\" data-widget_type=\"posts.cards\">\n\t\t\t\t<div class=\"elementor-widget-container\">\n\t\t\t\t\t\t\t<div class=\"elementor-posts-container elementor-posts elementor-posts--skin-cards elementor-grid\">\n\t\t\t\t<article class=\"elementor-post elementor-grid-item post-4740 post type-post status-publish format-standard has-post-thumbnail hentry category-noticias\">\n\t\t\t<div class=\"elementor-post__card\">\n\t\t\t\t<a class=\"elementor-post__thumbnail__link\" href=\"https:\/\/mvf.net.br\/web\/namorei-um-homem-por-seis-anos-tenho-direito-a-indenizacao-por-cuidar-dele-e-da-casa-dele\/\" tabindex=\"-1\" ><div class=\"elementor-post__thumbnail\"><img fetchpriority=\"high\" decoding=\"async\" width=\"300\" height=\"200\" src=\"https:\/\/mvf.net.br\/web\/wp-content\/uploads\/2025\/06\/infeliz-e-triste-marido-europeu-de-meia-idade-ignora-esposa-ofendida-apos-escandalo-e-pensa-em-divorcio-300x200.jpg\" class=\"attachment-medium size-medium wp-image-4741\" alt=\"\" srcset=\"https:\/\/mvf.net.br\/web\/wp-content\/uploads\/2025\/06\/infeliz-e-triste-marido-europeu-de-meia-idade-ignora-esposa-ofendida-apos-escandalo-e-pensa-em-divorcio-300x200.jpg 300w, https:\/\/mvf.net.br\/web\/wp-content\/uploads\/2025\/06\/infeliz-e-triste-marido-europeu-de-meia-idade-ignora-esposa-ofendida-apos-escandalo-e-pensa-em-divorcio-1024x683.jpg 1024w, https:\/\/mvf.net.br\/web\/wp-content\/uploads\/2025\/06\/infeliz-e-triste-marido-europeu-de-meia-idade-ignora-esposa-ofendida-apos-escandalo-e-pensa-em-divorcio-768x512.jpg 768w, https:\/\/mvf.net.br\/web\/wp-content\/uploads\/2025\/06\/infeliz-e-triste-marido-europeu-de-meia-idade-ignora-esposa-ofendida-apos-escandalo-e-pensa-em-divorcio-1536x1024.jpg 1536w, https:\/\/mvf.net.br\/web\/wp-content\/uploads\/2025\/06\/infeliz-e-triste-marido-europeu-de-meia-idade-ignora-esposa-ofendida-apos-escandalo-e-pensa-em-divorcio-2048x1365.jpg 2048w\" sizes=\"(max-width: 300px) 100vw, 300px\" \/><\/div><\/a>\n\t\t\t\t<div class=\"elementor-post__badge\">Not\u00edcias<\/div>\n\t\t\t\t<div class=\"elementor-post__text\">\n\t\t\t\t<h3 class=\"elementor-post__title\">\n\t\t\t<a href=\"https:\/\/mvf.net.br\/web\/namorei-um-homem-por-seis-anos-tenho-direito-a-indenizacao-por-cuidar-dele-e-da-casa-dele\/\" >\n\t\t\t\tNamorei um homem por seis anos. Tenho direito a indeniza\u00e7\u00e3o por cuidar dele e da casa dele?\t\t\t<\/a>\n\t\t<\/h3>\n\t\t\t\t<div class=\"elementor-post__excerpt\">\n\t\t\t<p>O t\u00e9rmino de um namoro n\u00e3o gera, em regra, o dever de indenizar por danos morais. No entanto, \u00e9 poss\u00edvel pedir indeniza\u00e7\u00e3o se a ruptura causar danos emocionais ou psicol\u00f3gicos, ou ainda, caso tenha sido explorado economicamente pelo outro ou deixado a sua pr\u00f3pria vida para viver em prol do relacionamento. Nessas situa\u00e7\u00f5es, tratando-se de<\/p>\n\t\t<\/div>\n\t\t\n\t\t<a class=\"elementor-post__read-more\" href=\"https:\/\/mvf.net.br\/web\/namorei-um-homem-por-seis-anos-tenho-direito-a-indenizacao-por-cuidar-dele-e-da-casa-dele\/\" aria-label=\"Read more about Namorei um homem por seis anos. Tenho direito a indeniza\u00e7\u00e3o por cuidar dele e da casa dele?\" tabindex=\"-1\" >\n\t\t\tLeia mais \u00bb\t\t<\/a>\n\n\t\t\t\t<\/div>\n\t\t\t\t<div class=\"elementor-post__meta-data\">\n\t\t\t\t\t<span class=\"elementor-post-date\">\n\t\t\t30 de maio de 2025\t\t<\/span>\n\t\t\t\t<\/div>\n\t\t\t\t\t<\/div>\n\t\t<\/article>\n\t\t\t\t<article class=\"elementor-post elementor-grid-item post-4718 post type-post status-publish format-standard has-post-thumbnail hentry category-noticias\">\n\t\t\t<div class=\"elementor-post__card\">\n\t\t\t\t<a class=\"elementor-post__thumbnail__link\" href=\"https:\/\/mvf.net.br\/web\/vendas-de-imoveis-crescem-15-no-1o-tri-puxadas-pelo-minha-casa-minha-vida\/\" tabindex=\"-1\" ><div class=\"elementor-post__thumbnail\"><img decoding=\"async\" width=\"300\" height=\"179\" src=\"https:\/\/mvf.net.br\/web\/wp-content\/uploads\/2025\/05\/53804115232_02913618b5_o-300x179.webp\" class=\"attachment-medium size-medium wp-image-4719\" alt=\"\" srcset=\"https:\/\/mvf.net.br\/web\/wp-content\/uploads\/2025\/05\/53804115232_02913618b5_o-300x179.webp 300w, https:\/\/mvf.net.br\/web\/wp-content\/uploads\/2025\/05\/53804115232_02913618b5_o-1024x613.webp 1024w, https:\/\/mvf.net.br\/web\/wp-content\/uploads\/2025\/05\/53804115232_02913618b5_o-768x459.webp 768w, https:\/\/mvf.net.br\/web\/wp-content\/uploads\/2025\/05\/53804115232_02913618b5_o.webp 1170w\" sizes=\"(max-width: 300px) 100vw, 300px\" \/><\/div><\/a>\n\t\t\t\t<div class=\"elementor-post__badge\">Not\u00edcias<\/div>\n\t\t\t\t<div class=\"elementor-post__text\">\n\t\t\t\t<h3 class=\"elementor-post__title\">\n\t\t\t<a href=\"https:\/\/mvf.net.br\/web\/vendas-de-imoveis-crescem-15-no-1o-tri-puxadas-pelo-minha-casa-minha-vida\/\" >\n\t\t\t\tVendas de im\u00f3veis crescem 15% no 1\u00ba tri, puxadas pelo Minha Casa, Minha Vida\t\t\t<\/a>\n\t\t<\/h3>\n\t\t\t\t<div class=\"elementor-post__excerpt\">\n\t\t\t<p>Vendas e lan\u00e7amentos de im\u00f3veis tiveram aumento de 15% no 1\u00ba tri de 2025; no per\u00edodo, o Minha Casa representou 53% dos lan\u00e7amentos e 47% das vendas As vendas e lan\u00e7amentos de im\u00f3veis tiveram crescimento de 15% no primeiro trimestre deste ano, comparado ao mesmo per\u00edodo do ano passado. O resultado foi puxado, principalmente, pelo<\/p>\n\t\t<\/div>\n\t\t\n\t\t<a class=\"elementor-post__read-more\" href=\"https:\/\/mvf.net.br\/web\/vendas-de-imoveis-crescem-15-no-1o-tri-puxadas-pelo-minha-casa-minha-vida\/\" aria-label=\"Read more about Vendas de im\u00f3veis crescem 15% no 1\u00ba tri, puxadas pelo Minha Casa, Minha Vida\" tabindex=\"-1\" >\n\t\t\tLeia mais \u00bb\t\t<\/a>\n\n\t\t\t\t<\/div>\n\t\t\t\t<div class=\"elementor-post__meta-data\">\n\t\t\t\t\t<span class=\"elementor-post-date\">\n\t\t\t15 de maio de 2025\t\t<\/span>\n\t\t\t\t<\/div>\n\t\t\t\t\t<\/div>\n\t\t<\/article>\n\t\t\t\t<article class=\"elementor-post elementor-grid-item post-4716 post type-post status-publish format-standard has-post-thumbnail hentry category-noticias\">\n\t\t\t<div class=\"elementor-post__card\">\n\t\t\t\t<a class=\"elementor-post__thumbnail__link\" href=\"https:\/\/mvf.net.br\/web\/com-os-juros-nas-alturas-vale-a-pena-investir-em-consorcio-de-imoveis\/\" tabindex=\"-1\" ><div class=\"elementor-post__thumbnail\"><img decoding=\"async\" width=\"300\" height=\"200\" src=\"https:\/\/mvf.net.br\/web\/wp-content\/uploads\/2024\/07\/observation-urban-building-business-steel-300x200.jpg\" class=\"attachment-medium size-medium wp-image-4634\" alt=\"\" srcset=\"https:\/\/mvf.net.br\/web\/wp-content\/uploads\/2024\/07\/observation-urban-building-business-steel-300x200.jpg 300w, https:\/\/mvf.net.br\/web\/wp-content\/uploads\/2024\/07\/observation-urban-building-business-steel-1024x683.jpg 1024w, https:\/\/mvf.net.br\/web\/wp-content\/uploads\/2024\/07\/observation-urban-building-business-steel-768x512.jpg 768w, https:\/\/mvf.net.br\/web\/wp-content\/uploads\/2024\/07\/observation-urban-building-business-steel-1536x1024.jpg 1536w\" sizes=\"(max-width: 300px) 100vw, 300px\" \/><\/div><\/a>\n\t\t\t\t<div class=\"elementor-post__badge\">Not\u00edcias<\/div>\n\t\t\t\t<div class=\"elementor-post__text\">\n\t\t\t\t<h3 class=\"elementor-post__title\">\n\t\t\t<a href=\"https:\/\/mvf.net.br\/web\/com-os-juros-nas-alturas-vale-a-pena-investir-em-consorcio-de-imoveis\/\" >\n\t\t\t\tCom os juros nas alturas, vale a pena investir em cons\u00f3rcio de im\u00f3veis?\t\t\t<\/a>\n\t\t<\/h3>\n\t\t\t\t<div class=\"elementor-post__excerpt\">\n\t\t\t<p>Com a Selic em um dos n\u00edveis mais altos dos \u00faltimos anos, fixada a 14,25% ap\u00f3s a \u00faltima reuni\u00e3o do COPOM em mar\u00e7o, o custo dos financiamentos tradicionais aumentou significativamente. Nesse cen\u00e1rio, o cons\u00f3rcio imobili\u00e1rio tem ganhado espa\u00e7o como uma op\u00e7\u00e3o mais econ\u00f4mica e estrat\u00e9gica para quem pretende comprar um im\u00f3vel sem pressa e com<\/p>\n\t\t<\/div>\n\t\t\n\t\t<a class=\"elementor-post__read-more\" href=\"https:\/\/mvf.net.br\/web\/com-os-juros-nas-alturas-vale-a-pena-investir-em-consorcio-de-imoveis\/\" aria-label=\"Read more about Com os juros nas alturas, vale a pena investir em cons\u00f3rcio de im\u00f3veis?\" tabindex=\"-1\" >\n\t\t\tLeia mais \u00bb\t\t<\/a>\n\n\t\t\t\t<\/div>\n\t\t\t\t<div class=\"elementor-post__meta-data\">\n\t\t\t\t\t<span class=\"elementor-post-date\">\n\t\t\t30 de abril de 2025\t\t<\/span>\n\t\t\t\t<\/div>\n\t\t\t\t\t<\/div>\n\t\t<\/article>\n\t\t\t\t<article class=\"elementor-post elementor-grid-item post-4710 post type-post status-publish format-standard has-post-thumbnail hentry category-noticias\">\n\t\t\t<div class=\"elementor-post__card\">\n\t\t\t\t<a class=\"elementor-post__thumbnail__link\" href=\"https:\/\/mvf.net.br\/web\/imovel-da-cantora-joelma-pode-ir-a-leilao-por-divida-milionaria\/\" tabindex=\"-1\" ><div class=\"elementor-post__thumbnail\"><img loading=\"lazy\" decoding=\"async\" width=\"300\" height=\"200\" src=\"https:\/\/mvf.net.br\/web\/wp-content\/uploads\/2025\/05\/DMPR4586-300x200.webp\" class=\"attachment-medium size-medium wp-image-4712\" alt=\"\" srcset=\"https:\/\/mvf.net.br\/web\/wp-content\/uploads\/2025\/05\/DMPR4586-300x200.webp 300w, https:\/\/mvf.net.br\/web\/wp-content\/uploads\/2025\/05\/DMPR4586-768x512.webp 768w, https:\/\/mvf.net.br\/web\/wp-content\/uploads\/2025\/05\/DMPR4586.webp 900w\" sizes=\"(max-width: 300px) 100vw, 300px\" \/><\/div><\/a>\n\t\t\t\t<div class=\"elementor-post__badge\">Not\u00edcias<\/div>\n\t\t\t\t<div class=\"elementor-post__text\">\n\t\t\t\t<h3 class=\"elementor-post__title\">\n\t\t\t<a href=\"https:\/\/mvf.net.br\/web\/imovel-da-cantora-joelma-pode-ir-a-leilao-por-divida-milionaria\/\" >\n\t\t\t\tIm\u00f3vel da cantora Joelma pode ir a leil\u00e3o por d\u00edvida milion\u00e1ria\u00a0\t\t\t<\/a>\n\t\t<\/h3>\n\t\t\t\t<div class=\"elementor-post__excerpt\">\n\t\t\t<p>A Justi\u00e7a do Trabalho de Pernambuco determinou a penhora do escrit\u00f3rio da cantora Joelma, no bairro da Ilha do Retiro, na Zona Oeste do Recife. A decis\u00e3o foi proferida pelo juiz Gustavo Augusto de Oliveira, da 11\u00aa Vara do Trabalho do Recife, em raz\u00e3o de uma a\u00e7\u00e3o trabalhista no valor de 1,2 milh\u00e3o de reais.<\/p>\n\t\t<\/div>\n\t\t\n\t\t<a class=\"elementor-post__read-more\" href=\"https:\/\/mvf.net.br\/web\/imovel-da-cantora-joelma-pode-ir-a-leilao-por-divida-milionaria\/\" aria-label=\"Read more about Im\u00f3vel da cantora Joelma pode ir a leil\u00e3o por d\u00edvida milion\u00e1ria\u00a0\" tabindex=\"-1\" >\n\t\t\tLeia mais \u00bb\t\t<\/a>\n\n\t\t\t\t<\/div>\n\t\t\t\t<div class=\"elementor-post__meta-data\">\n\t\t\t\t\t<span class=\"elementor-post-date\">\n\t\t\t15 de abril de 2025\t\t<\/span>\n\t\t\t\t<\/div>\n\t\t\t\t\t<\/div>\n\t\t<\/article>\n\t\t\t\t<article class=\"elementor-post elementor-grid-item post-4707 post type-post status-publish format-standard has-post-thumbnail hentry category-noticias\">\n\t\t\t<div class=\"elementor-post__card\">\n\t\t\t\t<a class=\"elementor-post__thumbnail__link\" href=\"https:\/\/mvf.net.br\/web\/mercado-imobiliario-em-minas-gerais-aluguel-cresce-137\/\" tabindex=\"-1\" ><div class=\"elementor-post__thumbnail\"><img loading=\"lazy\" decoding=\"async\" width=\"300\" height=\"157\" src=\"https:\/\/mvf.net.br\/web\/wp-content\/uploads\/2025\/04\/mercado-imobiliario-em-minas-gerais-aluguel-cresce-137-scaled-1-300x157.jpg\" class=\"attachment-medium size-medium wp-image-4708\" alt=\"\" srcset=\"https:\/\/mvf.net.br\/web\/wp-content\/uploads\/2025\/04\/mercado-imobiliario-em-minas-gerais-aluguel-cresce-137-scaled-1-300x157.jpg 300w, https:\/\/mvf.net.br\/web\/wp-content\/uploads\/2025\/04\/mercado-imobiliario-em-minas-gerais-aluguel-cresce-137-scaled-1-768x402.jpg 768w, https:\/\/mvf.net.br\/web\/wp-content\/uploads\/2025\/04\/mercado-imobiliario-em-minas-gerais-aluguel-cresce-137-scaled-1.jpg 960w\" sizes=\"(max-width: 300px) 100vw, 300px\" \/><\/div><\/a>\n\t\t\t\t<div class=\"elementor-post__badge\">Not\u00edcias<\/div>\n\t\t\t\t<div class=\"elementor-post__text\">\n\t\t\t\t<h3 class=\"elementor-post__title\">\n\t\t\t<a href=\"https:\/\/mvf.net.br\/web\/mercado-imobiliario-em-minas-gerais-aluguel-cresce-137\/\" >\n\t\t\t\tMercado imobili\u00e1rio em Minas Gerais: Aluguel cresce 137%\t\t\t<\/a>\n\t\t<\/h3>\n\t\t\t\t<div class=\"elementor-post__excerpt\">\n\t\t\t<p>O Mercado imobili\u00e1rio em Minas Gerais passou por uma transforma\u00e7\u00e3o expressiva nas \u00faltimas duas d\u00e9cadas. De acordo com o Censo 2022, o estado j\u00e1 conta com quase 1,7 milh\u00e3o de domic\u00edlios alugados, o que representa 10,51% do total de im\u00f3veis alugados no Brasil. Esse crescimento acelerado reflete uma mudan\u00e7a estrutural no acesso \u00e0 moradia e<\/p>\n\t\t<\/div>\n\t\t\n\t\t<a class=\"elementor-post__read-more\" href=\"https:\/\/mvf.net.br\/web\/mercado-imobiliario-em-minas-gerais-aluguel-cresce-137\/\" aria-label=\"Read more about Mercado imobili\u00e1rio em Minas Gerais: Aluguel cresce 137%\" tabindex=\"-1\" >\n\t\t\tLeia mais \u00bb\t\t<\/a>\n\n\t\t\t\t<\/div>\n\t\t\t\t<div class=\"elementor-post__meta-data\">\n\t\t\t\t\t<span class=\"elementor-post-date\">\n\t\t\t30 de mar\u00e7o de 2025\t\t<\/span>\n\t\t\t\t<\/div>\n\t\t\t\t\t<\/div>\n\t\t<\/article>\n\t\t\t\t<article class=\"elementor-post elementor-grid-item post-4704 post type-post status-publish format-standard has-post-thumbnail hentry category-noticias\">\n\t\t\t<div class=\"elementor-post__card\">\n\t\t\t\t<a class=\"elementor-post__thumbnail__link\" href=\"https:\/\/mvf.net.br\/web\/mercado-imobiliario-de-alto-padrao-cresce-no-brasil\/\" tabindex=\"-1\" ><div class=\"elementor-post__thumbnail\"><img loading=\"lazy\" decoding=\"async\" width=\"300\" height=\"167\" src=\"https:\/\/mvf.net.br\/web\/wp-content\/uploads\/2025\/04\/4463463c-d072-41ee-ae1b-84bb6307047e-300x167.webp\" class=\"attachment-medium size-medium wp-image-4705\" alt=\"\" srcset=\"https:\/\/mvf.net.br\/web\/wp-content\/uploads\/2025\/04\/4463463c-d072-41ee-ae1b-84bb6307047e-300x167.webp 300w, https:\/\/mvf.net.br\/web\/wp-content\/uploads\/2025\/04\/4463463c-d072-41ee-ae1b-84bb6307047e-768x426.webp 768w, https:\/\/mvf.net.br\/web\/wp-content\/uploads\/2025\/04\/4463463c-d072-41ee-ae1b-84bb6307047e.webp 888w\" sizes=\"(max-width: 300px) 100vw, 300px\" \/><\/div><\/a>\n\t\t\t\t<div class=\"elementor-post__badge\">Not\u00edcias<\/div>\n\t\t\t\t<div class=\"elementor-post__text\">\n\t\t\t\t<h3 class=\"elementor-post__title\">\n\t\t\t<a href=\"https:\/\/mvf.net.br\/web\/mercado-imobiliario-de-alto-padrao-cresce-no-brasil\/\" >\n\t\t\t\tMercado imobili\u00e1rio de alto padr\u00e3o cresce no Brasil\t\t\t<\/a>\n\t\t<\/h3>\n\t\t\t\t<div class=\"elementor-post__excerpt\">\n\t\t\t<p>O mercado imobili\u00e1rio de alto padr\u00e3o no Brasil segue em crescimento, com aumento de 32,9% nas vendas em 2023, segundo a Brain. Cassia Tavares, especialista em im\u00f3veis de luxo, destaca a busca por espa\u00e7os amplos, tecnologia e sustentabilidade como fatores essenciais. Investidores estrangeiros tamb\u00e9m impulsionam o setor, tornando o Brasil um destino atrativo. O mercado<\/p>\n\t\t<\/div>\n\t\t\n\t\t<a class=\"elementor-post__read-more\" href=\"https:\/\/mvf.net.br\/web\/mercado-imobiliario-de-alto-padrao-cresce-no-brasil\/\" aria-label=\"Read more about Mercado imobili\u00e1rio de alto padr\u00e3o cresce no Brasil\" tabindex=\"-1\" >\n\t\t\tLeia mais \u00bb\t\t<\/a>\n\n\t\t\t\t<\/div>\n\t\t\t\t<div class=\"elementor-post__meta-data\">\n\t\t\t\t\t<span class=\"elementor-post-date\">\n\t\t\t15 de mar\u00e7o de 2025\t\t<\/span>\n\t\t\t\t<\/div>\n\t\t\t\t\t<\/div>\n\t\t<\/article>\n\t\t\t\t<\/div>\n\t\t\n\t\t\t\t\t\t<\/div>\n\t\t\t\t<\/div>\n\t\t\t\t\t<\/div>\n\t\t<\/div>\n\t\t\t\t\t<\/div>\n\t\t<\/section>\n\t\t\t\t<\/div>\n\t\t","protected":false},"excerpt":{"rendered":"<p>Not\u00edcias<\/p>\n","protected":false},"author":18,"featured_media":0,"parent":0,"menu_order":0,"comment_status":"closed","ping_status":"closed","template":"","meta":{"site-sidebar-layout":"no-sidebar","site-content-layout":"page-builder","ast-site-content-layout":"","site-content-style":"default","site-sidebar-style":"default","ast-global-header-display":"","ast-banner-title-visibility":"","ast-main-header-display":"","ast-hfb-above-header-display":"","ast-hfb-below-header-display":"","ast-hfb-mobile-header-display":"","site-post-title":"disabled","ast-breadcrumbs-content":"","ast-featured-img":"disabled","footer-sml-layout":"","theme-transparent-header-meta":"","adv-header-id-meta":"","stick-header-meta":"","header-above-stick-meta":"","header-main-stick-meta":"","header-below-stick-meta":"","astra-migrate-meta-layouts":"default","ast-page-background-enabled":"default","ast-page-background-meta":{"desktop":{"background-color":"var(--ast-global-color-4)","background-image":"","background-repeat":"repeat","background-position":"center center","background-size":"auto","background-attachment":"scroll","background-type":"","background-media":"","overlay-type":"","overlay-color":"","overlay-opacity":"","overlay-gradient":""},"tablet":{"background-color":"","background-image":"","background-repeat":"repeat","background-position":"center center","background-size":"auto","background-attachment":"scroll","background-type":"","background-media":"","overlay-type":"","overlay-color":"","overlay-opacity":"","overlay-gradient":""},"mobile":{"background-color":"","background-image":"","background-repeat":"repeat","background-position":"center center","background-size":"auto","background-attachment":"scroll","background-type":"","background-media":"","overlay-type":"","overlay-color":"","overlay-opacity":"","overlay-gradient":""}},"ast-content-background-meta":{"desktop":{"background-color":"var(--ast-global-color-5)","background-image":"","background-repeat":"repeat","background-position":"center center","background-size":"auto","background-attachment":"scroll","background-type":"","background-media":"","overlay-type":"","overlay-color":"","overlay-opacity":"","overlay-gradient":""},"tablet":{"background-color":"var(--ast-global-color-5)","background-image":"","background-repeat":"repeat","background-position":"center center","background-size":"auto","background-attachment":"scroll","background-type":"","background-media":"","overlay-type":"","overlay-color":"","overlay-opacity":"","overlay-gradient":""},"mobile":{"background-color":"var(--ast-global-color-5)","background-image":"","background-repeat":"repeat","background-position":"center center","background-size":"auto","background-attachment":"scroll","background-type":"","background-media":"","overlay-type":"","overlay-color":"","overlay-opacity":"","overlay-gradient":""}},"footnotes":""},"class_list":["post-3326","page","type-page","status-publish","hentry"],"yoast_head":"<!-- This site is optimized with the Yoast SEO plugin v25.4 - https:\/\/yoast.com\/wordpress\/plugins\/seo\/ -->\n<title>Not\u00edcias - MVF<\/title>\n<meta name=\"robots\" content=\"index, follow, max-snippet:-1, max-image-preview:large, max-video-preview:-1\" \/>\n<link rel=\"canonical\" href=\"https:\/\/mvf.net.br\/web\/noticias\/\" \/>\n<meta property=\"og:locale\" content=\"pt_BR\" \/>\n<meta property=\"og:type\" content=\"article\" \/>\n<meta property=\"og:title\" content=\"Not\u00edcias - MVF\" \/>\n<meta property=\"og:description\" content=\"Not\u00edcias\" \/>\n<meta property=\"og:url\" content=\"https:\/\/mvf.net.br\/web\/noticias\/\" \/>\n<meta property=\"og:site_name\" content=\"MVF\" \/>\n<meta property=\"article:modified_time\" content=\"2022-07-18T10:21:46+00:00\" \/>\n<meta name=\"twitter:card\" content=\"summary_large_image\" \/>\n<script type=\"application\/ld+json\" class=\"yoast-schema-graph\">{\"@context\":\"https:\/\/schema.org\",\"@graph\":[{\"@type\":\"WebPage\",\"@id\":\"https:\/\/mvf.net.br\/web\/noticias\/\",\"url\":\"https:\/\/mvf.net.br\/web\/noticias\/\",\"name\":\"Not\u00edcias - MVF\",\"isPartOf\":{\"@id\":\"https:\/\/mvf.net.br\/web\/#website\"},\"datePublished\":\"2022-07-18T10:14:59+00:00\",\"dateModified\":\"2022-07-18T10:21:46+00:00\",\"breadcrumb\":{\"@id\":\"https:\/\/mvf.net.br\/web\/noticias\/#breadcrumb\"},\"inLanguage\":\"pt-BR\",\"potentialAction\":[{\"@type\":\"ReadAction\",\"target\":[\"https:\/\/mvf.net.br\/web\/noticias\/\"]}]},{\"@type\":\"BreadcrumbList\",\"@id\":\"https:\/\/mvf.net.br\/web\/noticias\/#breadcrumb\",\"itemListElement\":[{\"@type\":\"ListItem\",\"position\":1,\"name\":\"In\u00edcio\",\"item\":\"https:\/\/mvf.net.br\/web\/\"},{\"@type\":\"ListItem\",\"position\":2,\"name\":\"Not\u00edcias\"}]},{\"@type\":\"WebSite\",\"@id\":\"https:\/\/mvf.net.br\/web\/#website\",\"url\":\"https:\/\/mvf.net.br\/web\/\",\"name\":\"MVF\",\"description\":\"\",\"publisher\":{\"@id\":\"https:\/\/mvf.net.br\/web\/#organization\"},\"potentialAction\":[{\"@type\":\"SearchAction\",\"target\":{\"@type\":\"EntryPoint\",\"urlTemplate\":\"https:\/\/mvf.net.br\/web\/?s={search_term_string}\"},\"query-input\":{\"@type\":\"PropertyValueSpecification\",\"valueRequired\":true,\"valueName\":\"search_term_string\"}}],\"inLanguage\":\"pt-BR\"},{\"@type\":\"Organization\",\"@id\":\"https:\/\/mvf.net.br\/web\/#organization\",\"name\":\"MVF\",\"url\":\"https:\/\/mvf.net.br\/web\/\",\"logo\":{\"@type\":\"ImageObject\",\"inLanguage\":\"pt-BR\",\"@id\":\"https:\/\/mvf.net.br\/web\/#\/schema\/logo\/image\/\",\"url\":\"https:\/\/mvf.net.br\/web\/wp-content\/uploads\/2022\/05\/cropped-Logo-MVF.png\",\"contentUrl\":\"https:\/\/mvf.net.br\/web\/wp-content\/uploads\/2022\/05\/cropped-Logo-MVF.png\",\"width\":400,\"height\":128,\"caption\":\"MVF\"},\"image\":{\"@id\":\"https:\/\/mvf.net.br\/web\/#\/schema\/logo\/image\/\"}}]}<\/script>\n<!-- \/ Yoast SEO plugin. -->","yoast_head_json":{"title":"Not\u00edcias - MVF","robots":{"index":"index","follow":"follow","max-snippet":"max-snippet:-1","max-image-preview":"max-image-preview:large","max-video-preview":"max-video-preview:-1"},"canonical":"https:\/\/mvf.net.br\/web\/noticias\/","og_locale":"pt_BR","og_type":"article","og_title":"Not\u00edcias - MVF","og_description":"Not\u00edcias","og_url":"https:\/\/mvf.net.br\/web\/noticias\/","og_site_name":"MVF","article_modified_time":"2022-07-18T10:21:46+00:00","twitter_card":"summary_large_image","schema":{"@context":"https:\/\/schema.org","@graph":[{"@type":"WebPage","@id":"https:\/\/mvf.net.br\/web\/noticias\/","url":"https:\/\/mvf.net.br\/web\/noticias\/","name":"Not\u00edcias - MVF","isPartOf":{"@id":"https:\/\/mvf.net.br\/web\/#website"},"datePublished":"2022-07-18T10:14:59+00:00","dateModified":"2022-07-18T10:21:46+00:00","breadcrumb":{"@id":"https:\/\/mvf.net.br\/web\/noticias\/#breadcrumb"},"inLanguage":"pt-BR","potentialAction":[{"@type":"ReadAction","target":["https:\/\/mvf.net.br\/web\/noticias\/"]}]},{"@type":"BreadcrumbList","@id":"https:\/\/mvf.net.br\/web\/noticias\/#breadcrumb","itemListElement":[{"@type":"ListItem","position":1,"name":"In\u00edcio","item":"https:\/\/mvf.net.br\/web\/"},{"@type":"ListItem","position":2,"name":"Not\u00edcias"}]},{"@type":"WebSite","@id":"https:\/\/mvf.net.br\/web\/#website","url":"https:\/\/mvf.net.br\/web\/","name":"MVF","description":"","publisher":{"@id":"https:\/\/mvf.net.br\/web\/#organization"},"potentialAction":[{"@type":"SearchAction","target":{"@type":"EntryPoint","urlTemplate":"https:\/\/mvf.net.br\/web\/?s={search_term_string}"},"query-input":{"@type":"PropertyValueSpecification","valueRequired":true,"valueName":"search_term_string"}}],"inLanguage":"pt-BR"},{"@type":"Organization","@id":"https:\/\/mvf.net.br\/web\/#organization","name":"MVF","url":"https:\/\/mvf.net.br\/web\/","logo":{"@type":"ImageObject","inLanguage":"pt-BR","@id":"https:\/\/mvf.net.br\/web\/#\/schema\/logo\/image\/","url":"https:\/\/mvf.net.br\/web\/wp-content\/uploads\/2022\/05\/cropped-Logo-MVF.png","contentUrl":"https:\/\/mvf.net.br\/web\/wp-content\/uploads\/2022\/05\/cropped-Logo-MVF.png","width":400,"height":128,"caption":"MVF"},"image":{"@id":"https:\/\/mvf.net.br\/web\/#\/schema\/logo\/image\/"}}]}},"_links":{"self":[{"href":"https:\/\/mvf.net.br\/web\/wp-json\/wp\/v2\/pages\/3326","targetHints":{"allow":["GET"]}}],"collection":[{"href":"https:\/\/mvf.net.br\/web\/wp-json\/wp\/v2\/pages"}],"about":[{"href":"https:\/\/mvf.net.br\/web\/wp-json\/wp\/v2\/types\/page"}],"author":[{"embeddable":true,"href":"https:\/\/mvf.net.br\/web\/wp-json\/wp\/v2\/users\/18"}],"replies":[{"embeddable":true,"href":"https:\/\/mvf.net.br\/web\/wp-json\/wp\/v2\/comments?post=3326"}],"version-history":[{"count":0,"href":"https:\/\/mvf.net.br\/web\/wp-json\/wp\/v2\/pages\/3326\/revisions"}],"wp:attachment":[{"href":"https:\/\/mvf.net.br\/web\/wp-json\/wp\/v2\/media?parent=3326"}],"curies":[{"name":"wp","href":"https:\/\/api.w.org\/{rel}","templated":true}]}}